{"id":51,"date":"2020-09-10T09:25:42","date_gmt":"2020-09-10T09:25:42","guid":{"rendered":"https:\/\/salidadelsol.net\/hunde\/?page_id=51"},"modified":"2020-09-10T09:25:42","modified_gmt":"2020-09-10T09:25:42","slug":"1-cac-balsthal","status":"publish","type":"page","link":"https:\/\/wl26www392.webland.ch\/hunde\/1-cac-balsthal\/","title":{"rendered":"1. CAC-Clubshow Balsthal"},"content":{"rendered":"\n<p><\/p>\n\n\n\n<div class=\"wp-block-columns is-layout-flex wp-container-core-columns-is-layout-9d6595d7 wp-block-columns-is-layout-flex\">\n<div class=\"wp-block-column is-layout-flow wp-block-column-is-layout-flow\">\n<figure class=\"wp-block-image size-large is-resized\"><img loading=\"lazy\" decoding=\"async\" src=\"https:\/\/wl26www392.webland.ch\/hunde\/wp-content\/uploads\/2020\/09\/image.png\" alt=\"\" class=\"wp-image-68\" width=\"173\" height=\"195\" srcset=\"https:\/\/wl26www392.webland.ch\/hunde\/wp-content\/uploads\/2020\/09\/image.png 401w, https:\/\/wl26www392.webland.ch\/hunde\/wp-content\/uploads\/2020\/09\/image-266x300.png 266w\" sizes=\"auto, (max-width: 173px) 100vw, 173px\" \/><\/figure>\n<\/div>\n\n\n\n<div class=\"wp-block-column is-layout-flow wp-block-column-is-layout-flow\">\n<figure class=\"wp-block-image size-large\"><img loading=\"lazy\" decoding=\"async\" width=\"200\" height=\"172\" src=\"https:\/\/wl26www392.webland.ch\/hunde\/wp-content\/uploads\/2020\/09\/logo_rtc.jpg\" alt=\"\" class=\"wp-image-66\"\/><\/figure>\n<\/div>\n<\/div>\n\n\n\n<p>Dieses Jahr findet in reduzierter Form (wegen der Covid 19 Situation) eine Clubschau mit folgenden Rassen statt:<\/p>\n\n\n\n<ul class=\"wp-block-list\"><li>Shetland Sheepdog \/ Sheltie<\/li><li>Jack Russell Terrier<\/li><li>Parson Russell Terrier<\/li><\/ul>\n\n\n\n<p>Die Veranstaltung wird durch den&nbsp;<strong>Schweizer Shetland Sheepdog Club<\/strong>&nbsp;(<a rel=\"noreferrer noopener\" href=\"http:\/\/www.sheltie-club.ch\/de\/\" target=\"_blank\">www.sheltie-club.ch\/de<\/a>) und den&nbsp;<strong>Russell Terrier Club<\/strong>&nbsp;(<a rel=\"noreferrer noopener\" href=\"http:\/\/www.rtc-ch.ch\" target=\"_blank\">www.rtc-ch.ch<\/a>) durchgef\u00fchrt und findet am&nbsp;<strong>25.10.2020<\/strong>&nbsp;in der Reithalle von Balsthal statt.<\/p>\n\n\n\n<div class=\"wp-block-file\"><a href=\"https:\/\/wl26www392.webland.ch\/hunde\/wp-content\/uploads\/2020\/10\/Resultate1CACClubshowBalsthal2020-1.pdf\"><strong>Resultate1CACClubshowBalsthal2020<\/strong><\/a><a href=\"https:\/\/wl26www392.webland.ch\/hunde\/wp-content\/uploads\/2020\/10\/Resultate1CACClubshowBalsthal2020-1.pdf\" class=\"wp-block-file__button\" download>Herunterladen<\/a><\/div>\n\n\n\n<div class=\"wp-block-file\"><a href=\"https:\/\/wl26www392.webland.ch\/hunde\/wp-content\/uploads\/2020\/10\/ZuchtgruppenPaarKlassen.pdf\"><strong>Resultate Zuchtgruppen und Paarklassen<\/strong><\/a><a href=\"https:\/\/wl26www392.webland.ch\/hunde\/wp-content\/uploads\/2020\/10\/ZuchtgruppenPaarKlassen.pdf\" class=\"wp-block-file__button\" download>Herunterladen<\/a><\/div>\n\n\n\n<div class=\"wp-block-file\"><a href=\"https:\/\/wl26www392.webland.ch\/hunde\/wp-content\/uploads\/2020\/10\/Katalog_1CACBalsthal2020.pdf\"><br><br><strong>Katalog der Veranstaltung<\/strong><\/a><a href=\"https:\/\/wl26www392.webland.ch\/hunde\/wp-content\/uploads\/2020\/10\/Katalog_1CACBalsthal2020.pdf\" class=\"wp-block-file__button\" download>Herunterladen<\/a><\/div>\n\n\n\n<p>Die Anmeldegeb\u00fchr muss auf folgendes Konto sofort \u00fcberwiesen werden, damit die Anmeldung g\u00fcltig ist:<a href=\"IBAN: CH97 8080 8008 8328 7170 8\nInhaber: Schweizer Shetland Sheepdog Club, Im Besichwinkel, Niederwil, 8500 Frauenfeld\"><br><\/a>  IBAN: CH97 8080 8008 8328 7170 8<br>  Inhaber: Schweizer Shetland Sheepdog Club, Im Besichwinkel, Niederwil, 8500 Frauenfeld<\/p>\n\n\n\n<p>Der Meldeschluss ist der 10.10.2020<\/p>\n\n\n\n<p class=\"has-text-color\" style=\"color:#a32300\">Achtung: <strong>Der Meldeschluss ist abgelaufen. Es k\u00f6nnen keine Hunde mehr angemeldet werden.<\/strong><\/p>\n\n\n\n<p><\/p>\n\n\n\n<div class=\"wp-block-file\"><a href=\"https:\/\/wl26www392.webland.ch\/hunde\/wp-content\/uploads\/2020\/09\/Flyer20201025.pdf\">Flyer der Veranstaltung<\/a><a href=\"https:\/\/wl26www392.webland.ch\/hunde\/wp-content\/uploads\/2020\/09\/Flyer20201025.pdf\" class=\"wp-block-file__button\" download>Herunterladen<\/a><\/div>\n\n\n\n<div class=\"wp-block-file\"><a href=\"https:\/\/wl26www392.webland.ch\/hunde\/wp-content\/uploads\/2020\/09\/Flyer20201025F.pdf\"><br>Flyer de l&#8217;exposition en fran\u00e7ais<\/a><a href=\"https:\/\/wl26www392.webland.ch\/hunde\/wp-content\/uploads\/2020\/09\/Flyer20201025F.pdf\" class=\"wp-block-file__button\" download>Herunterladen<\/a><\/div>\n\n\n\n<p><\/p>\n","protected":false},"excerpt":{"rendered":"<p>Dieses Jahr findet in reduzierter Form (wegen der Covid 19 Situation) eine Clubschau mit folgenden Rassen statt: Shetland Sheepdog \/ Sheltie Jack Russell Terrier Parson Russell Terrier Die Veranstaltung wird [&hellip;]<\/p>\n","protected":false},"author":2,"featured_media":0,"parent":0,"menu_order":0,"comment_status":"closed","ping_status":"closed","template":"","meta":{"footnotes":""},"class_list":["post-51","page","type-page","status-publish","hentry"],"_links":{"self":[{"href":"https:\/\/wl26www392.webland.ch\/hunde\/wp-json\/wp\/v2\/pages\/51","targetHints":{"allow":["GET"]}}],"collection":[{"href":"https:\/\/wl26www392.webland.ch\/hunde\/wp-json\/wp\/v2\/pages"}],"about":[{"href":"https:\/\/wl26www392.webland.ch\/hunde\/wp-json\/wp\/v2\/types\/page"}],"author":[{"embeddable":true,"href":"https:\/\/wl26www392.webland.ch\/hunde\/wp-json\/wp\/v2\/users\/2"}],"replies":[{"embeddable":true,"href":"https:\/\/wl26www392.webland.ch\/hunde\/wp-json\/wp\/v2\/comments?post=51"}],"version-history":[{"count":0,"href":"https:\/\/wl26www392.webland.ch\/hunde\/wp-json\/wp\/v2\/pages\/51\/revisions"}],"wp:attachment":[{"href":"https:\/\/wl26www392.webland.ch\/hunde\/wp-json\/wp\/v2\/media?parent=51"}],"curies":[{"name":"wp","href":"https:\/\/api.w.org\/{rel}","templated":true}]}}