{"id":231,"date":"2023-07-21T09:34:14","date_gmt":"2023-07-21T09:34:14","guid":{"rendered":"https:\/\/salidadelsol.net\/hunde\/?page_id=231"},"modified":"2023-07-21T09:34:14","modified_gmt":"2023-07-21T09:34:14","slug":"4-cac-clubshow-balsthal","status":"publish","type":"page","link":"https:\/\/wl26www392.webland.ch\/hunde\/4-cac-clubshow-balsthal\/","title":{"rendered":"4. CAC-Clubshow Balsthal"},"content":{"rendered":"<div class=\"wp-block-image\">\n<figure class=\"aligncenter size-full\"><img loading=\"lazy\" decoding=\"async\" width=\"200\" height=\"172\" src=\"https:\/\/wl26www392.webland.ch\/hunde\/wp-content\/uploads\/2020\/09\/logo_rtc.jpg\" alt=\"\" class=\"wp-image-66\"\/><\/figure>\n<\/div>\n\n\n<div class=\"wp-block-file\"><a id=\"wp-block-file--media-085a4582-8bc7-46c4-a237-33438bba6120\" href=\"https:\/\/wl26www392.webland.ch\/hunde\/wp-content\/uploads\/2023\/10\/Resultate.pdf\">Resultate<\/a><a href=\"https:\/\/wl26www392.webland.ch\/hunde\/wp-content\/uploads\/2023\/10\/Resultate.pdf\" class=\"wp-block-file__button wp-element-button\" download aria-describedby=\"wp-block-file--media-085a4582-8bc7-46c4-a237-33438bba6120\">Herunterladen<\/a><\/div>\n\n\n\n<div class=\"wp-block-file\"><a id=\"wp-block-file--media-afeba574-14fc-4954-8cc6-ff5b5adfa529\" href=\"https:\/\/wl26www392.webland.ch\/hunde\/wp-content\/uploads\/2023\/10\/Flipchart_Jackrussell.pdf\">Flipchart_Jackrussell<\/a><a href=\"https:\/\/wl26www392.webland.ch\/hunde\/wp-content\/uploads\/2023\/10\/Flipchart_Jackrussell.pdf\" class=\"wp-block-file__button wp-element-button\" download aria-describedby=\"wp-block-file--media-afeba574-14fc-4954-8cc6-ff5b5adfa529\">Herunterladen<\/a><\/div>\n\n\n\n<div class=\"wp-block-file\"><a id=\"wp-block-file--media-6968a818-7385-4089-80ea-42c9ccf296b5\" href=\"https:\/\/wl26www392.webland.ch\/hunde\/wp-content\/uploads\/2023\/10\/Flipchart_Parsonrussell.pdf\">Flipchart_Parsonrussell<\/a><a href=\"https:\/\/wl26www392.webland.ch\/hunde\/wp-content\/uploads\/2023\/10\/Flipchart_Parsonrussell.pdf\" class=\"wp-block-file__button wp-element-button\" download aria-describedby=\"wp-block-file--media-6968a818-7385-4089-80ea-42c9ccf296b5\">Herunterladen<\/a><\/div>\n\n\n\n<div class=\"wp-block-file\"><a id=\"wp-block-file--media-5d3a2b2b-0b39-4b4f-9233-d62b190b4aba\" href=\"https:\/\/wl26www392.webland.ch\/hunde\/wp-content\/uploads\/2023\/10\/Katalog_2023.pdf\">Katalog_2023<\/a><a href=\"https:\/\/wl26www392.webland.ch\/hunde\/wp-content\/uploads\/2023\/10\/Katalog_2023.pdf\" class=\"wp-block-file__button wp-element-button\" download aria-describedby=\"wp-block-file--media-5d3a2b2b-0b39-4b4f-9233-d62b190b4aba\">Herunterladen<\/a><\/div>\n\n\n\n<p>Dieses Jahr findet wieder eine Clubshow mit unseren beiden Rassen in Balsthal statt:<\/p>\n\n\n\n<ul class=\"wp-block-list\">\n<li>Jack Russell Terriel<\/li>\n\n\n\n<li>Parson Russell Terrier<\/li>\n<\/ul>\n\n\n\n<p>Die Veranstaltung wird durch den <strong>Russell Terrier Club<\/strong> (<a href=\"http:\/\/www.rtc-ch.ch\" data-type=\"URL\" data-id=\"www.rtc-ch.ch\">www.rtc-ch.ch<\/a>) durchgef\u00fchrt und findet am <strong>SAMSTAG 21.10.2023<\/strong> in der Reithalle von Balsthal statt.<\/p>\n\n\n\n<p><strong>Zeitplan:<\/strong><\/p>\n\n\n\n<figure class=\"wp-block-table\"><table><tbody><tr><td>10:00<\/td><td>Einlass der Hunde<\/td><td><\/td><\/tr><tr><td>11:00<\/td><td>Beginn des Richtens <strong>Jack Russell Terrier<\/strong><\/td><td>14 Hunde<\/td><\/tr><tr><td>anschliessend<\/td><td>Beginn des Richtens <strong>Parson Russell Terrier<\/strong><\/td><td>15 Hunde<\/td><\/tr><\/tbody><\/table><\/figure>\n\n\n\n<p><\/p>\n\n\n\n<p><\/p>\n\n\n\n<p>Die Anmeldegeb\u00fchr muss auf folgendes Konto sofort \u00fcberwiesen werden, damit die Anmeldung g\u00fcltig ist:<br>IBAN: <strong>CH18 0900 0000 6000 9730 6<\/strong><br>Inhaber: <strong>Russell Terrier Club Schweiz, Kleinfeldstrasse 1, 6233 B\u00fcron<\/strong><\/p>\n\n\n\n<div class=\"wp-block-file\"><a id=\"wp-block-file--media-cfc7136e-7916-4381-956f-22e4e6485485\" href=\"https:\/\/wl26www392.webland.ch\/hunde\/wp-content\/uploads\/2023\/07\/QREz4CACBalsthal2023.pdf\" target=\"_blank\" rel=\"noreferrer noopener\"><strong>QR Code Einzahlungsschein<\/strong><\/a><a href=\"https:\/\/wl26www392.webland.ch\/hunde\/wp-content\/uploads\/2023\/07\/QREz4CACBalsthal2023.pdf\" class=\"wp-block-file__button wp-element-button\" download aria-describedby=\"wp-block-file--media-cfc7136e-7916-4381-956f-22e4e6485485\">Herunterladen<\/a><\/div>\n\n\n\n<p>Bitte geben Sie die Namen der Hunde bei der Zahlung an, Besten Dank.<\/p>\n\n\n\n<p class=\"has-text-color\" style=\"color:#f93838\"><strong>Der Meldeschluss ist abgelaufen. es k\u00f6nnen keine Hunde mehr angemeldet werden.<\/strong><\/p>\n\n\n\n<p><\/p>\n","protected":false},"excerpt":{"rendered":"<p>Dieses Jahr findet wieder eine Clubshow mit unseren beiden Rassen in Balsthal statt: Die Veranstaltung wird durch den Russell Terrier Club (www.rtc-ch.ch) durchgef\u00fchrt und findet am SAMSTAG 21.10.2023 in der [&hellip;]<\/p>\n","protected":false},"author":2,"featured_media":0,"parent":0,"menu_order":0,"comment_status":"closed","ping_status":"closed","template":"","meta":{"footnotes":""},"class_list":["post-231","page","type-page","status-publish","hentry"],"_links":{"self":[{"href":"https:\/\/wl26www392.webland.ch\/hunde\/wp-json\/wp\/v2\/pages\/231","targetHints":{"allow":["GET"]}}],"collection":[{"href":"https:\/\/wl26www392.webland.ch\/hunde\/wp-json\/wp\/v2\/pages"}],"about":[{"href":"https:\/\/wl26www392.webland.ch\/hunde\/wp-json\/wp\/v2\/types\/page"}],"author":[{"embeddable":true,"href":"https:\/\/wl26www392.webland.ch\/hunde\/wp-json\/wp\/v2\/users\/2"}],"replies":[{"embeddable":true,"href":"https:\/\/wl26www392.webland.ch\/hunde\/wp-json\/wp\/v2\/comments?post=231"}],"version-history":[{"count":0,"href":"https:\/\/wl26www392.webland.ch\/hunde\/wp-json\/wp\/v2\/pages\/231\/revisions"}],"wp:attachment":[{"href":"https:\/\/wl26www392.webland.ch\/hunde\/wp-json\/wp\/v2\/media?parent=231"}],"curies":[{"name":"wp","href":"https:\/\/api.w.org\/{rel}","templated":true}]}}