{"id":127,"date":"2021-08-24T16:46:01","date_gmt":"2021-08-24T16:46:01","guid":{"rendered":"https:\/\/salidadelsol.net\/hunde\/?page_id=127"},"modified":"2021-08-24T16:46:01","modified_gmt":"2021-08-24T16:46:01","slug":"2-cac-balsthal","status":"publish","type":"page","link":"https:\/\/wl26www392.webland.ch\/hunde\/2-cac-balsthal\/","title":{"rendered":"2. CAC-Clubshow Balsthal"},"content":{"rendered":"\n<div class=\"wp-block-image\"><figure class=\"alignright size-large is-resized\"><img loading=\"lazy\" decoding=\"async\" src=\"https:\/\/wl26www392.webland.ch\/hunde\/wp-content\/uploads\/2021\/09\/LOGO-RC-mit-Slogan-1024x442.jpg\" alt=\"\" class=\"wp-image-163\" width=\"153\" height=\"65\" srcset=\"https:\/\/wl26www392.webland.ch\/hunde\/wp-content\/uploads\/2021\/09\/LOGO-RC-mit-Slogan-1024x442.jpg 1024w, https:\/\/wl26www392.webland.ch\/hunde\/wp-content\/uploads\/2021\/09\/LOGO-RC-mit-Slogan-300x129.jpg 300w, https:\/\/wl26www392.webland.ch\/hunde\/wp-content\/uploads\/2021\/09\/LOGO-RC-mit-Slogan-768x331.jpg 768w, https:\/\/wl26www392.webland.ch\/hunde\/wp-content\/uploads\/2021\/09\/LOGO-RC-mit-Slogan-1536x663.jpg 1536w, https:\/\/wl26www392.webland.ch\/hunde\/wp-content\/uploads\/2021\/09\/LOGO-RC-mit-Slogan.jpg 2024w\" sizes=\"auto, (max-width: 153px) 100vw, 153px\" \/><\/figure><\/div>\n\n\n\n<p>    <\/p>\n\n\n\n<div class=\"wp-block-columns is-layout-flex wp-container-core-columns-is-layout-9d6595d7 wp-block-columns-is-layout-flex\">\n<div class=\"wp-block-column is-layout-flow wp-block-column-is-layout-flow\">\n<figure class=\"wp-block-image size-large is-resized\"><img loading=\"lazy\" decoding=\"async\" src=\"https:\/\/wl26www392.webland.ch\/hunde\/wp-content\/uploads\/2020\/09\/image.png\" alt=\"\" class=\"wp-image-68\" width=\"173\" height=\"195\" srcset=\"https:\/\/wl26www392.webland.ch\/hunde\/wp-content\/uploads\/2020\/09\/image.png 401w, https:\/\/wl26www392.webland.ch\/hunde\/wp-content\/uploads\/2020\/09\/image-266x300.png 266w\" sizes=\"auto, (max-width: 173px) 100vw, 173px\" \/><\/figure>\n<\/div>\n\n\n\n<div class=\"wp-block-column is-layout-flow wp-block-column-is-layout-flow\">\n<figure class=\"wp-block-image size-large\"><img loading=\"lazy\" decoding=\"async\" width=\"200\" height=\"172\" src=\"https:\/\/wl26www392.webland.ch\/hunde\/wp-content\/uploads\/2020\/09\/logo_rtc.jpg\" alt=\"\" class=\"wp-image-66\"\/><\/figure>\n<\/div>\n<\/div>\n\n\n\n<p>Dieses Jahr findet in reduzierter Form (wegen der Covid 19 Situation) eine Clubschau mit folgenden Rassen statt:<\/p>\n\n\n\n<ul class=\"wp-block-list\"><li>Shetland Sheepdog \/ Sheltie<\/li><li>Jack Russell Terrier<\/li><li>Parson Russell Terrier<\/li><\/ul>\n\n\n\n<p>Die Veranstaltung wird durch den&nbsp;<strong>Schweizer Shetland Sheepdog Club<\/strong>&nbsp;(<a rel=\"noreferrer noopener\" href=\"http:\/\/www.sheltie-club.ch\/de\/\" target=\"_blank\">www.sheltie-club.ch\/de<\/a>) und den&nbsp;<strong>Russell Terrier Club<\/strong>&nbsp;(<a rel=\"noreferrer noopener\" href=\"http:\/\/www.rtc-ch.ch\" target=\"_blank\">www.rtc-ch.ch<\/a>) durchgef\u00fchrt und findet am&nbsp;<strong>24.10.2021<\/strong>&nbsp;in der Reithalle von Balsthal statt.<\/p>\n\n\n\n<p><span style=\"color:#e42d08\" class=\"has-inline-color\"><strong>Achtung: F\u00fcr den Einlass muss ein g\u00fcltiges Covid-Zertifikat und ein Ausweisdokument pro Person vorgewiesen werden.<\/strong> <\/span><strong><span style=\"color:#e42d08\" class=\"has-inline-color\">Es werden keine Tests vor Ort durchgef\u00fchrt. <\/span> <\/strong><\/p>\n\n\n\n<p>Infos zum Zertifikat finden Sie unter <a href=\"https:\/\/bag-coronavirus.ch\/zertifikat\/\" target=\"_blank\" rel=\"noreferrer noopener\">https:\/\/bag-coronavirus.ch\/zertifikat\/<\/a><\/p>\n\n\n\n<div class=\"wp-block-file\"><a href=\"https:\/\/wl26www392.webland.ch\/hunde\/wp-content\/uploads\/2021\/10\/2CAC_Balsthal_Resultate.pdf\">2CAC_Balsthal_Resultate<\/a><a href=\"https:\/\/wl26www392.webland.ch\/hunde\/wp-content\/uploads\/2021\/10\/2CAC_Balsthal_Resultate.pdf\" class=\"wp-block-file__button\" download>Herunterladen<\/a><\/div>\n\n\n\n<div class=\"wp-block-file\"><a href=\"https:\/\/wl26www392.webland.ch\/hunde\/wp-content\/uploads\/2021\/10\/2CAC_Balsthal_2021_Katalog.pdf\">2CAC_Balsthal_2021_Katalog<\/a><a href=\"https:\/\/wl26www392.webland.ch\/hunde\/wp-content\/uploads\/2021\/10\/2CAC_Balsthal_2021_Katalog.pdf\" class=\"wp-block-file__button\" download>Herunterladen<\/a><\/div>\n\n\n\n<p>Die Anmeldegeb\u00fchr muss auf folgendes Konto sofort \u00fcberwiesen werden, damit die Anmeldung g\u00fcltig ist:<a href=\"IBAN: CH97 8080 8008 8328 7170 8\nInhaber: Schweizer Shetland Sheepdog Club, Im Besichwinkel, Niederwil, 8500 Frauenfeld\"><br><\/a>  IBAN: CH97 8080 8008 8328 7170 8<br>  Inhaber: Schweizer Shetland Sheepdog Club, M\u00fchle 1, 9127 St. Peterell<\/p>\n\n\n\n<p>Der Meldeschluss ist der 10.10.2021<\/p>\n\n\n\n<p>Achtung:<span style=\"color:#cf210a\" class=\"has-inline-color\">&nbsp;<strong>Der Meldeschluss ist abgelaufen. Es k\u00f6nnen keine Hunde mehr angemeldet werden.<\/strong><\/span><\/p>\n\n\n\n<div class=\"wp-block-file\"><a href=\"https:\/\/wl26www392.webland.ch\/hunde\/wp-content\/uploads\/2021\/09\/FlyerCACBalsthal2021_D-1.pdf\" target=\"_blank\" rel=\"noreferrer noopener\">Flyer der Veranstaltung<\/a><a href=\"https:\/\/wl26www392.webland.ch\/hunde\/wp-content\/uploads\/2021\/09\/FlyerCACBalsthal2021_D-1.pdf\" class=\"wp-block-file__button\" download>Herunterladen<\/a><\/div>\n\n\n\n<div class=\"wp-block-file\"><a href=\"https:\/\/wl26www392.webland.ch\/hunde\/wp-content\/uploads\/2021\/09\/FlyerCACBalsthal2021_F.pdf\" target=\"_blank\" rel=\"noreferrer noopener\">Flyer de l&#8217;exposition      <\/a><a href=\"https:\/\/wl26www392.webland.ch\/hunde\/wp-content\/uploads\/2021\/09\/FlyerCACBalsthal2021_F.pdf\" class=\"wp-block-file__button\" download>Herunterladen<\/a><\/div>\n\n\n\n<p><\/p>\n\n\n\n<p><\/p>\n","protected":false},"excerpt":{"rendered":"<p>Dieses Jahr findet in reduzierter Form (wegen der Covid 19 Situation) eine Clubschau mit folgenden Rassen statt: Shetland Sheepdog \/ Sheltie Jack Russell Terrier Parson Russell Terrier Die Veranstaltung wird [&hellip;]<\/p>\n","protected":false},"author":2,"featured_media":0,"parent":0,"menu_order":0,"comment_status":"closed","ping_status":"closed","template":"","meta":{"footnotes":""},"class_list":["post-127","page","type-page","status-publish","hentry"],"_links":{"self":[{"href":"https:\/\/wl26www392.webland.ch\/hunde\/wp-json\/wp\/v2\/pages\/127","targetHints":{"allow":["GET"]}}],"collection":[{"href":"https:\/\/wl26www392.webland.ch\/hunde\/wp-json\/wp\/v2\/pages"}],"about":[{"href":"https:\/\/wl26www392.webland.ch\/hunde\/wp-json\/wp\/v2\/types\/page"}],"author":[{"embeddable":true,"href":"https:\/\/wl26www392.webland.ch\/hunde\/wp-json\/wp\/v2\/users\/2"}],"replies":[{"embeddable":true,"href":"https:\/\/wl26www392.webland.ch\/hunde\/wp-json\/wp\/v2\/comments?post=127"}],"version-history":[{"count":0,"href":"https:\/\/wl26www392.webland.ch\/hunde\/wp-json\/wp\/v2\/pages\/127\/revisions"}],"wp:attachment":[{"href":"https:\/\/wl26www392.webland.ch\/hunde\/wp-json\/wp\/v2\/media?parent=127"}],"curies":[{"name":"wp","href":"https:\/\/api.w.org\/{rel}","templated":true}]}}